{"id":3279,"date":"2023-03-07T20:50:55","date_gmt":"2023-03-07T20:50:55","guid":{"rendered":"https:\/\/selgas.eu\/verzugszinsen-strom\/"},"modified":"2026-03-14T11:02:14","modified_gmt":"2026-03-14T11:02:14","slug":"costituzione-in-mora-luce","status":"publish","type":"page","link":"https:\/\/sel-bz.it\/it\/costituzione-in-mora-luce\/","title":{"rendered":"Costituzione in mora Luce"},"content":{"rendered":"[vc_row type=&#8221;full_width_content&#8221; full_screen_row_position=&#8221;middle&#8221; column_margin=&#8221;default&#8221; column_direction=&#8221;default&#8221; column_direction_tablet=&#8221;default&#8221; column_direction_phone=&#8221;default&#8221; bg_color=&#8221;#1f3684&#8243; scene_position=&#8221;center&#8221; top_padding=&#8221;16%&#8221; bottom_padding=&#8221;12%&#8221; left_padding_desktop=&#8221;10%&#8221; constrain_group_2=&#8221;yes&#8221; right_padding_desktop=&#8221;10%&#8221; top_padding_tablet=&#8221;25%&#8221; text_color=&#8221;light&#8221; text_align=&#8221;left&#8221; row_border_radius=&#8221;none&#8221; row_border_radius_applies=&#8221;bg&#8221; row_position_desktop=&#8221;default&#8221; row_position_tablet=&#8221;inherit&#8221; row_position_phone=&#8221;inherit&#8221; overflow=&#8221;visible&#8221; advanced_gradient_angle=&#8221;0&#8243; overlay_strength=&#8221;0.95&#8243; gradient_direction=&#8221;top_to_bottom&#8221; shape_divider_position=&#8221;bottom&#8221; bg_image_animation=&#8221;zoom-out-slow&#8221; parallax_bg=&#8221;true&#8221; parallax_bg_speed=&#8221;fast&#8221; gradient_type=&#8221;default&#8221; shape_type=&#8221;&#8221;][vc_column column_padding=&#8221;no-extra-padding&#8221; column_padding_tablet=&#8221;inherit&#8221; column_padding_phone=&#8221;inherit&#8221; column_padding_position=&#8221;all&#8221; flex_gap_desktop=&#8221;10px&#8221; column_element_direction_desktop=&#8221;default&#8221; column_element_spacing=&#8221;0px&#8221; centered_text=&#8221;true&#8221; desktop_text_alignment=&#8221;default&#8221; tablet_text_alignment=&#8221;default&#8221; phone_text_alignment=&#8221;default&#8221; background_color_opacity=&#8221;1&#8243; background_hover_color_opacity=&#8221;1&#8243; column_backdrop_filter=&#8221;none&#8221; column_shadow=&#8221;none&#8221; column_border_radius=&#8221;none&#8221; column_link_target=&#8221;_self&#8221; column_position=&#8221;default&#8221; advanced_gradient_angle=&#8221;0&#8243; gradient_direction=&#8221;left_to_right&#8221; overlay_strength=&#8221;0.3&#8243; width=&#8221;1\/1&#8243; tablet_width_inherit=&#8221;default&#8221; animation_type=&#8221;default&#8221; bg_image_animation=&#8221;none&#8221; border_type=&#8221;simple&#8221; column_border_width=&#8221;none&#8221; column_border_style=&#8221;solid&#8221; gradient_type=&#8221;default&#8221;][vc_row_inner column_margin=&#8221;none&#8221; column_direction=&#8221;default&#8221; column_direction_tablet=&#8221;default&#8221; column_direction_phone=&#8221;default&#8221; text_align=&#8221;left&#8221; row_position=&#8221;default&#8221; row_position_tablet=&#8221;inherit&#8221; row_position_phone=&#8221;inherit&#8221; zindex=&#8221;100&#8243; overflow=&#8221;visible&#8221; pointer_events=&#8221;all&#8221;][vc_column_inner column_padding=&#8221;no-extra-padding&#8221; column_padding_tablet=&#8221;inherit&#8221; column_padding_phone=&#8221;inherit&#8221; column_padding_position=&#8221;all&#8221; flex_gap_desktop=&#8221;10px&#8221; column_element_direction_desktop=&#8221;default&#8221; column_element_spacing=&#8221;default&#8221; desktop_text_alignment=&#8221;default&#8221; tablet_text_alignment=&#8221;default&#8221; phone_text_alignment=&#8221;default&#8221; background_color_opacity=&#8221;1&#8243; background_hover_color_opacity=&#8221;1&#8243; column_backdrop_filter=&#8221;none&#8221; column_shadow=&#8221;none&#8221; column_border_radius=&#8221;none&#8221; column_link_target=&#8221;_self&#8221; overflow=&#8221;visible&#8221; gradient_direction=&#8221;left_to_right&#8221; overlay_strength=&#8221;0.3&#8243; width=&#8221;1\/1&#8243; tablet_width_inherit=&#8221;default&#8221; animation_type=&#8221;default&#8221; bg_image_animation=&#8221;none&#8221; border_type=&#8221;simple&#8221; column_border_width=&#8221;none&#8221; column_border_style=&#8221;solid&#8221;][split_line_heading line_reveal_by_space_text_effect=&#8221;letter-reveal-bottom&#8221; font_style=&#8221;h1&#8243; stagger_animation=&#8221;true&#8221; content_alignment=&#8221;default&#8221; mobile_content_alignment=&#8221;inherit&#8221; animation_type=&#8221;line-reveal-by-space&#8221; link_target=&#8221;_self&#8221; text_content=&#8221;Costituzione in mora Luce&#8221;][\/split_line_heading][\/vc_column_inner][\/vc_row_inner][\/vc_column][\/vc_row][vc_row type=&#8221;in_container&#8221; full_screen_row_position=&#8221;middle&#8221; column_margin=&#8221;default&#8221; column_direction=&#8221;default&#8221; column_direction_tablet=&#8221;default&#8221; column_direction_phone=&#8221;default&#8221; scene_position=&#8221;center&#8221; top_padding=&#8221;5%&#8221; bottom_padding=&#8221;5%&#8221; text_color=&#8221;dark&#8221; text_align=&#8221;left&#8221; row_border_radius=&#8221;none&#8221; row_border_radius_applies=&#8221;bg&#8221; row_position_desktop=&#8221;default&#8221; row_position_tablet=&#8221;inherit&#8221; row_position_phone=&#8221;inherit&#8221; overflow=&#8221;visible&#8221; overlay_strength=&#8221;0.3&#8243; gradient_direction=&#8221;left_to_right&#8221; shape_divider_position=&#8221;bottom&#8221; bg_image_animation=&#8221;none&#8221; gradient_type=&#8221;default&#8221; shape_type=&#8221;&#8221;][vc_column column_padding=&#8221;no-extra-padding&#8221; column_padding_tablet=&#8221;inherit&#8221; column_padding_phone=&#8221;inherit&#8221; column_padding_position=&#8221;all&#8221; flex_gap_desktop=&#8221;10px&#8221; column_element_direction_desktop=&#8221;default&#8221; column_element_spacing=&#8221;default&#8221; desktop_text_alignment=&#8221;default&#8221; tablet_text_alignment=&#8221;default&#8221; phone_text_alignment=&#8221;default&#8221; background_color_opacity=&#8221;1&#8243; background_hover_color_opacity=&#8221;1&#8243; column_backdrop_filter=&#8221;none&#8221; column_shadow=&#8221;none&#8221; column_border_radius=&#8221;none&#8221; column_link_target=&#8221;_self&#8221; column_position=&#8221;default&#8221; gradient_direction=&#8221;left_to_right&#8221; overlay_strength=&#8221;0.3&#8243; width=&#8221;1\/1&#8243; tablet_width_inherit=&#8221;default&#8221; animation_type=&#8221;default&#8221; bg_image_animation=&#8221;none&#8221; border_type=&#8221;simple&#8221; column_border_width=&#8221;none&#8221; column_border_style=&#8221;solid&#8221;][divider line_type=&#8221;Small Line&#8221; line_alignment=&#8221;default&#8221; line_thickness=&#8221;2&#8243; divider_color=&#8221;accent-color&#8221; animate=&#8221;yes&#8221;][split_line_heading line_reveal_by_space_text_effect=&#8221;default&#8221; font_style=&#8221;h2&#8243; content_alignment=&#8221;default&#8221; mobile_content_alignment=&#8221;inherit&#8221; animation_type=&#8221;line-reveal-by-space&#8221; link_target=&#8221;_self&#8221; text_content=&#8221;Costituzione in mora EE&#8221;][\/split_line_heading][vc_column_text css=&#8221;&#8221; text_direction=&#8221;default&#8221;]Con la presente informativa SEL comunica ai Clienti le proprie procedure adottate ai sensi di quanto previsto dal Testo Integrato Morosit\u00e0 Elettrica (<a href=\"https:\/\/www.arera.it\/atti-e-provvedimenti\/dettaglio\/15\/258-15\" target=\"_blank\" rel=\"noopener\">TIMOE<\/a>&nbsp;&#8211; Del. 258\/2015\/R\/eel Allegato A e ss.mm.ii.).<\/p>\n<p>Ci teniamo a precisare come SEL vieni incontro alle esigenze\/difficolt\u00e0 dei propri Clienti e pertanto vi consigliamo di contattarci prima della scadenza della bolletta per non incorrere in spiacevoli situazioni di morosit\u00e0.<\/p>\n<p>&nbsp;<\/p>\n<h4><b>Modalit\u00e0 di costituzione in mora punti disalimentabili<\/b><\/h4>\n<p>Quanto segue si applica ai Clienti finali titolari di punti di prelievo disalimentabili intesi come tutti i punti per i quali pu\u00f2 essere richiesta da parte dell\u2019Utente del trasporto la sospensione della fornitura.<\/p>\n<p>Con riferimento a tutte le fatture scadute e non pagate, dopo un primo approccio telefonico, SEL provvede inviare una lettera di \u201ccostituzione in mora \u2013 sollecito di pagamento\u201d tramite comunicazione scritta a mezzo raccomandata con avviso di ricevimento o PEC. Nella predetta comunicazione sar\u00e0 indicato:<\/p>\n<p>a)&nbsp;&nbsp;&nbsp;&nbsp; il primo termine entro cui il cliente \u00e8 tenuto al pagamento, che corrisponde a 20 giorni solari dall\u2019emissione della lettera (data riportata in intestazione);<\/p>\n<p>b)&nbsp;&nbsp;&nbsp;&nbsp; il termine ultimo entro il quale, in costanza di mora, e quindi mancato pagamento, SEL provvede a richiedere la <b>Sospensione della fornitura per morosit\u00e0<\/b>. Tale termine \u00e8 da considerarsi in 40 giorni solari da data consegna PEC o data di notifica in caso di lettera raccomandata;<\/p>\n<p>c)&nbsp;&nbsp;&nbsp;&nbsp;&nbsp; che l\u2019intervento di Sospensione della fornitura per morosit\u00e0, per i Clienti in bassa tensione, e qualora tecnicamente fattibile, \u00e8&nbsp;<b>anticipata da un periodo di 15 giorni in cui la potenza sar\u00e0 ridotta ad un livello pari al 15% della potenza disponibile<\/b>. Tale termine \u00e8 da considerarsi in 25 giorni solari da data consegna PEC o data di notifica in caso di lettera raccomandata.<\/p>\n<p>Decorso il periodo di 15 giorni, in mancanza di pagamento, il Distributore esegue la Sospensione;<\/p>\n<p>d)&nbsp;&nbsp;&nbsp;&nbsp; le modalit\u00e0 con la quale si pu\u00f2 comunicare il pagamento effettuato: e-mail (<a href=\"mailto:payments@sel-bz.it\">payments@sel-bz.it<\/a>), PEC (<a href=\"mailto:selgas@pec.sel-bz.it\">sel@pec.sel-bz.it<\/a>), fax (0471 095909), presentandosi c\/o uno dei ns Sportelli con la ricevuta di pagamento;<\/p>\n<p>e)&nbsp;&nbsp;&nbsp;&nbsp; qualora la fornitura sia stata sospesa per morosit\u00e0, che in mancanza di rispetto delle tempistiche minime per il pagamento o di richiesta di chiusura, il Cliente ha diritto ad un indennizzo automatico;<\/p>\n<p>f)&nbsp;&nbsp;&nbsp;&nbsp;&nbsp; qualora la morosit\u00e0 sia relativa a consumi risalenti a pi\u00f9 di due anni, specifico avviso circa la prescrizione (per maggiori dettagli sulla tematica si rimanda alla sezione del sito \u201c<a class=\"internal-link\" title=\"Opens internal link in current window\" href=\"https:\/\/www.sel-bz.it\/it\/informazioni-utili\/info-e-modulistica.html\">Info e Modulistica<\/a>\u201d).<\/p>\n<p>&nbsp;<\/p>\n<h4><b>Indennizzo automatico<\/b><\/h4>\n<p>In caso di mancato rispetto delle previsioni di cui sopra, SEL non pu\u00f2 richiedere il pagamento di alcun ulteriore corrispettivo dovuto per la sospensione o riattivazione della fornitura; inoltre, \u00e8 tenuta a corrispondere al Cliente un indennizzo automatico:<\/p>\n<p>a)&nbsp;&nbsp;&nbsp;&nbsp; \u20ac 30,00 nel caso in cui la fornitura sia stata sospesa per morosit\u00e0 nonostante il mancato invio della comunicazione di costituzione in mora;<\/p>\n<p>b)&nbsp;&nbsp;&nbsp;&nbsp; \u20ac 20,00 nel caso in cui la fornitura sia stata sospesa per morosit\u00e0 nonostante alternativamente:<\/p>\n<div class=\"indent\">\n<p>1.&nbsp;&nbsp;&nbsp;&nbsp; il mancato rispetto del termine ultimo entro cui il Cliente \u00e8 tenuto al pagamento (i 40 giorni solari menzionati);<\/p>\n<\/div>\n<div class=\"indent\">\n<p>2.&nbsp;&nbsp;&nbsp;&nbsp; il mancato rispetto del termine minimo (3 giorni lavorativi) tra la data di scadenza del termine ultimo di pagamento e la data di richiesta al Distributore di Sospensione della fornitura o riduzione della potenza.<\/p>\n<\/div>\n<p>L\u2019indennizzo sar\u00e0 corrisposto nella prima fattura utile, a detrazione dell\u2019importo totale della medesima fattura, con la seguente causale \u201cIndennizzo automatico per mancato rispetto dei termini\/modalit\u00e0 per la costituzione in mora\u201d; in aggiunta, sar\u00e0 presente anche la seguente dicitura \u201cLa corresponsione dell\u2019indennizzo automatico non esclude la possibilit\u00e0 per il cliente finale di richiedere nelle opportune sedi il risarcimento dell\u2019eventuale danno ulteriore subito\u201d.<\/p>\n<p>Nel caso in cui l\u2019importo della prima fattura addebitata al Cliente sia inferiore all\u2019indennizzo, la fatturazione evidenzia un credito a favore del Cliente stesso, che sar\u00e0 detratto dalle successive fatturazioni fino ad esaurimento del credito (o corrisposto mediante rimessa diretta nel caso di fattura finale). In ogni caso, l\u2019indennizzo sar\u00e0 corrisposto al cliente finale entro 8 mesi dal verificarsi della sospensione o riduzione della potenza.[\/vc_column_text][\/vc_column][\/vc_row]\n","protected":false},"excerpt":{"rendered":"<p>[vc_row type=&#8221;full_width_content&#8221; full_screen_row_position=&#8221;middle&#8221; column_margin=&#8221;default&#8221; column_direction=&#8221;default&#8221; column_direction_tablet=&#8221;default&#8221; column_direction_phone=&#8221;default&#8221; bg_color=&#8221;#1f3684&#8243; scene_position=&#8221;center&#8221; top_padding=&#8221;16%&#8221; bottom_padding=&#8221;12%&#8221; left_padding_desktop=&#8221;10%&#8221; constrain_group_2=&#8221;yes&#8221; right_padding_desktop=&#8221;10%&#8221; top_padding_tablet=&#8221;25%&#8221; text_color=&#8221;light&#8221; text_align=&#8221;left&#8221; row_border_radius=&#8221;none&#8221; row_border_radius_applies=&#8221;bg&#8221; row_position_desktop=&#8221;default&#8221; row_position_tablet=&#8221;inherit&#8221; row_position_phone=&#8221;inherit&#8221; overflow=&#8221;visible&#8221; advanced_gradient_angle=&#8221;0&#8243;&#8230;<\/p>\n","protected":false},"author":2,"featured_media":0,"parent":0,"menu_order":0,"comment_status":"closed","ping_status":"closed","template":"","meta":{"footnotes":""},"class_list":["post-3279","page","type-page","status-publish"],"_links":{"self":[{"href":"https:\/\/sel-bz.it\/it\/wp-json\/wp\/v2\/pages\/3279","targetHints":{"allow":["GET"]}}],"collection":[{"href":"https:\/\/sel-bz.it\/it\/wp-json\/wp\/v2\/pages"}],"about":[{"href":"https:\/\/sel-bz.it\/it\/wp-json\/wp\/v2\/types\/page"}],"author":[{"embeddable":true,"href":"https:\/\/sel-bz.it\/it\/wp-json\/wp\/v2\/users\/2"}],"replies":[{"embeddable":true,"href":"https:\/\/sel-bz.it\/it\/wp-json\/wp\/v2\/comments?post=3279"}],"version-history":[{"count":5,"href":"https:\/\/sel-bz.it\/it\/wp-json\/wp\/v2\/pages\/3279\/revisions"}],"predecessor-version":[{"id":7163,"href":"https:\/\/sel-bz.it\/it\/wp-json\/wp\/v2\/pages\/3279\/revisions\/7163"}],"wp:attachment":[{"href":"https:\/\/sel-bz.it\/it\/wp-json\/wp\/v2\/media?parent=3279"}],"curies":[{"name":"wp","href":"https:\/\/api.w.org\/{rel}","templated":true}]}}